{"id":7677,"date":"2024-05-16T11:44:02","date_gmt":"2024-05-16T15:44:02","guid":{"rendered":"https:\/\/maisonsudburyhospice.org\/?page_id=7677"},"modified":"2025-11-28T12:23:57","modified_gmt":"2025-11-28T17:23:57","slug":"childrens-grief-and-loss-support-group","status":"publish","type":"page","link":"https:\/\/maisonsudburyhospice.org\/fr\/childrens-grief-and-loss-support-group\/","title":{"rendered":"Groupe de soutien aux enfants en deuil et en perte d&rsquo;autonomie"},"content":{"rendered":"[vc_row type=\u00a0\u00bbin_container\u00a0\u00bb full_screen_row_position=\u00a0\u00bbmiddle\u00a0\u00bb column_margin=\u00a0\u00bbdefault\u00a0\u00bb column_direction=\u00a0\u00bbdefault\u00a0\u00bb column_direction_tablet=\u00a0\u00bbdefault\u00a0\u00bb column_direction_phone=\u00a0\u00bbdefault\u00a0\u00bb scene_position=\u00a0\u00bbcenter\u00a0\u00bb text_color=\u00a0\u00bbdark\u00a0\u00bb text_align=\u00a0\u00bbleft\u00a0\u00bb row_border_radius=\u00a0\u00bbnone\u00a0\u00bb row_border_radius_applies=\u00a0\u00bbbg\u00a0\u00bb overflow=\u00a0\u00bbvisible\u00a0\u00bb overlay_strength=\u00a0\u00bb0.3&Prime; gradient_direction=\u00a0\u00bbleft_to_right\u00a0\u00bb shape_divider_position=\u00a0\u00bbbottom\u00a0\u00bb bg_image_animation=\u00a0\u00bbnone\u00a0\u00bb][vc_column column_padding=\u00a0\u00bbno-extra-padding\u00a0\u00bb column_padding_tablet=\u00a0\u00bbinherit\u00a0\u00bb column_padding_phone=\u00a0\u00bbinherit\u00a0\u00bb column_padding_position=\u00a0\u00bball\u00a0\u00bb column_element_spacing=\u00a0\u00bbdefault\u00a0\u00bb background_color_opacity=\u00a0\u00bb1&Prime; background_hover_color_opacity=\u00a0\u00bb1&Prime; column_shadow=\u00a0\u00bbnone\u00a0\u00bb column_border_radius=\u00a0\u00bbnone\u00a0\u00bb column_link_target=\u00a0\u00bb_self\u00a0\u00bb column_position=\u00a0\u00bbdefault\u00a0\u00bb gradient_direction=\u00a0\u00bbleft_to_right\u00a0\u00bb overlay_strength=\u00a0\u00bb0.3&Prime; width=\u00a0\u00bb2\/3&Prime; tablet_width_inherit=\u00a0\u00bbdefault\u00a0\u00bb tablet_text_alignment=\u00a0\u00bbdefault\u00a0\u00bb phone_text_alignment=\u00a0\u00bbdefault\u00a0\u00bb animation_type=\u00a0\u00bbdefault\u00a0\u00bb bg_image_animation=\u00a0\u00bbnone\u00a0\u00bb border_type=\u00a0\u00bbsimple\u00a0\u00bb column_border_width=\u00a0\u00bbnone\u00a0\u00bb column_border_style=\u00a0\u00bbsolid\u00a0\u00bb][vc_column_text]\n<h1>Groupes de soutien pour enfants en deuil : \u00ab Les saisons du deuil \u00bb<\/h1>\n<div>\n<div dir=\"auto\" data-message-author-role=\"assistant\" data-message-id=\"5b393bbe-9875-423a-9c73-dc352d09fb24\">\n<p>Les enfants \u00e2g\u00e9s de 8 \u00e0 12 ans qui sont aux prises avec la perte profonde d&rsquo;un parent, d&rsquo;un fr\u00e8re ou d&rsquo;une s\u0153ur, ou d&rsquo;un \u00eatre cher, sont chaleureusement invit\u00e9s \u00e0 se joindre \u00e0 notre groupe de soutien au deuil pour enfants, compos\u00e9 de personnes compatissantes et bienveillantes. Cet environnement s\u00fbr et stimulant offre aux jeunes c\u0153urs un sanctuaire o\u00f9 ils peuvent partager leurs \u00e9motions, leurs souvenirs et leurs exp\u00e9riences, favorisant ainsi la gu\u00e9rison et la compr\u00e9hension au cours de leur parcours de deuil. Nos animateurs d\u00e9vou\u00e9s proposent des activit\u00e9s, des discussions et des techniques th\u00e9rapeutiques adapt\u00e9es \u00e0 l&rsquo;\u00e2ge des enfants, afin de les aider \u00e0 surmonter les difficult\u00e9s li\u00e9es \u00e0 la perte d&rsquo;un \u00eatre cher et \u00e0 trouver du r\u00e9confort aupr\u00e8s d&rsquo;autres enfants qui comprennent leurs difficult\u00e9s particuli\u00e8res. Cette ressource inestimable est offerte gratuitement, garantissant l&rsquo;accessibilit\u00e9 \u00e0 toutes les familles qui en ont besoin pendant leur p\u00e9riode de chagrin et d&rsquo;adaptation.<\/p>\n<\/div>\n<\/div>\n<p><em><strong>Veuillez appeler Tracy au 705-674-9252, poste 253<\/strong><\/em><br \/>\n<em><strong>pour vous inscrire et obtenir plus d&rsquo;informations.<\/strong><\/em>[\/vc_column_text][\/vc_column][vc_column column_padding=\u00a0\u00bbno-extra-padding\u00a0\u00bb column_padding_tablet=\u00a0\u00bbinherit\u00a0\u00bb column_padding_phone=\u00a0\u00bbinherit\u00a0\u00bb column_padding_position=\u00a0\u00bball\u00a0\u00bb column_element_spacing=\u00a0\u00bbdefault\u00a0\u00bb background_color_opacity=\u00a0\u00bb1&Prime; background_hover_color_opacity=\u00a0\u00bb1&Prime; column_shadow=\u00a0\u00bbnone\u00a0\u00bb column_border_radius=\u00a0\u00bbnone\u00a0\u00bb column_link_target=\u00a0\u00bb_self\u00a0\u00bb column_position=\u00a0\u00bbdefault\u00a0\u00bb gradient_direction=\u00a0\u00bbleft_to_right\u00a0\u00bb overlay_strength=\u00a0\u00bb0.3&Prime; width=\u00a0\u00bb1\/3&Prime; tablet_width_inherit=\u00a0\u00bbdefault\u00a0\u00bb tablet_text_alignment=\u00a0\u00bbdefault\u00a0\u00bb phone_text_alignment=\u00a0\u00bbdefault\u00a0\u00bb animation_type=\u00a0\u00bbdefault\u00a0\u00bb bg_image_animation=\u00a0\u00bbnone\u00a0\u00bb border_type=\u00a0\u00bbsimple\u00a0\u00bb column_border_width=\u00a0\u00bbnone\u00a0\u00bb column_border_style=\u00a0\u00bbsolid\u00a0\u00bb][image_with_animation image_url=\u00a0\u00bb7687&Prime; image_size=\u00a0\u00bbfull\u00a0\u00bb animation_type=\u00a0\u00bbentrance\u00a0\u00bb animation=\u00a0\u00bbFade In\u00a0\u00bb hover_animation=\u00a0\u00bbnone\u00a0\u00bb alignment=\u00a0\u00bb\u00a0\u00bb border_radius=\u00a0\u00bbnone\u00a0\u00bb box_shadow=\u00a0\u00bbnone\u00a0\u00bb image_loading=\u00a0\u00bbdefault\u00a0\u00bb max_width=\u00a0\u00bb100%\u00a0\u00bb max_width_mobile=\u00a0\u00bbdefault\u00a0\u00bb][\/vc_column][\/vc_row]","protected":false},"excerpt":{"rendered":"<p>[vc_row type=\u00a0\u00bbin_container\u00a0\u00bb full_screen_row_position=\u00a0\u00bbmiddle\u00a0\u00bb column_margin=\u00a0\u00bbdefault\u00a0\u00bb column_direction=\u00a0\u00bbdefault\u00a0\u00bb column_direction_tablet=\u00a0\u00bbdefault\u00a0\u00bb column_direction_phone=\u00a0\u00bbdefault\u00a0\u00bb scene_position=\u00a0\u00bbcenter\u00a0\u00bb text_color=\u00a0\u00bbdark\u00a0\u00bb text_align=\u00a0\u00bbleft\u00a0\u00bb row_border_radius=\u00a0\u00bbnone\u00a0\u00bb row_border_radius_applies=\u00a0\u00bbbg\u00a0\u00bb overflow=\u00a0\u00bbvisible\u00a0\u00bb overlay_strength=\u00a0\u00bb0.3&Prime; gradient_direction=\u00a0\u00bbleft_to_right\u00a0\u00bb shape_divider_position=\u00a0\u00bbbottom\u00a0\u00bb bg_image_animation=\u00a0\u00bbnone\u00a0\u00bb][vc_column column_padding=\u00a0\u00bbno-extra-padding\u00a0\u00bb column_padding_tablet=\u00a0\u00bbinherit\u00a0\u00bb column_padding_phone=\u00a0\u00bbinherit\u00a0\u00bb column_padding_position=\u00a0\u00bball\u00a0\u00bb column_element_spacing=\u00a0\u00bbdefault\u00a0\u00bb background_color_opacity=\u00a0\u00bb1&Prime; background_hover_color_opacity=\u00a0\u00bb1&Prime; column_shadow=\u00a0\u00bbnone\u00a0\u00bb column_border_radius=\u00a0\u00bbnone\u00a0\u00bb column_link_target=\u00a0\u00bb_self\u00a0\u00bb column_position=\u00a0\u00bbdefault\u00a0\u00bb gradient_direction=\u00a0\u00bbleft_to_right\u00a0\u00bb overlay_strength=\u00a0\u00bb0.3&Prime;&#8230;<\/p>\n","protected":false},"author":1,"featured_media":0,"parent":0,"menu_order":0,"comment_status":"closed","ping_status":"closed","template":"","meta":{"_exactmetrics_skip_tracking":false,"_exactmetrics_sitenote_active":false,"_exactmetrics_sitenote_note":"","_exactmetrics_sitenote_category":0,"footnotes":""},"class_list":["post-7677","page","type-page","status-publish"],"publishpress_future_action":{"enabled":false,"date":"2026-04-11 11:03:32","action":"change-status","newStatus":"draft","terms":[],"taxonomy":"","extraData":[]},"publishpress_future_workflow_manual_trigger":{"enabledWorkflows":[]},"_links":{"self":[{"href":"https:\/\/maisonsudburyhospice.org\/fr\/wp-json\/wp\/v2\/pages\/7677","targetHints":{"allow":["GET"]}}],"collection":[{"href":"https:\/\/maisonsudburyhospice.org\/fr\/wp-json\/wp\/v2\/pages"}],"about":[{"href":"https:\/\/maisonsudburyhospice.org\/fr\/wp-json\/wp\/v2\/types\/page"}],"author":[{"embeddable":true,"href":"https:\/\/maisonsudburyhospice.org\/fr\/wp-json\/wp\/v2\/users\/1"}],"replies":[{"embeddable":true,"href":"https:\/\/maisonsudburyhospice.org\/fr\/wp-json\/wp\/v2\/comments?post=7677"}],"version-history":[{"count":11,"href":"https:\/\/maisonsudburyhospice.org\/fr\/wp-json\/wp\/v2\/pages\/7677\/revisions"}],"predecessor-version":[{"id":8382,"href":"https:\/\/maisonsudburyhospice.org\/fr\/wp-json\/wp\/v2\/pages\/7677\/revisions\/8382"}],"wp:attachment":[{"href":"https:\/\/maisonsudburyhospice.org\/fr\/wp-json\/wp\/v2\/media?parent=7677"}],"curies":[{"name":"wp","href":"https:\/\/api.w.org\/{rel}","templated":true}]}}