{"id":3363,"date":"2016-07-18T14:48:31","date_gmt":"2016-07-18T14:48:31","guid":{"rendered":"http:\/\/maisonsudburyhospice.org\/?page_id=3363"},"modified":"2018-12-18T14:17:03","modified_gmt":"2018-12-18T14:17:03","slug":"family-testimonials","status":"publish","type":"page","link":"https:\/\/maisonsudburyhospice.org\/fr\/family-testimonials\/","title":{"rendered":"T\u00e9moignages des familles"},"content":{"rendered":"[vc_row type=\u00a0\u00bbin_container\u00a0\u00bb full_screen_row_position=\u00a0\u00bbmiddle\u00a0\u00bb scene_position=\u00a0\u00bbcenter\u00a0\u00bb text_color=\u00a0\u00bbdark\u00a0\u00bb text_align=\u00a0\u00bbleft\u00a0\u00bb overlay_strength=\u00a0\u00bb0.3&Prime; shape_divider_position=\u00a0\u00bbbottom\u00a0\u00bb][vc_column column_padding=\u00a0\u00bbno-extra-padding\u00a0\u00bb column_padding_position=\u00a0\u00bball\u00a0\u00bb background_color_opacity=\u00a0\u00bb1&Prime; background_hover_color_opacity=\u00a0\u00bb1&Prime; column_shadow=\u00a0\u00bbnone\u00a0\u00bb column_border_radius=\u00a0\u00bbnone\u00a0\u00bb width=\u00a0\u00bb1\/1&Prime; tablet_text_alignment=\u00a0\u00bbdefault\u00a0\u00bb phone_text_alignment=\u00a0\u00bbdefault\u00a0\u00bb column_border_width=\u00a0\u00bbnone\u00a0\u00bb column_border_style=\u00a0\u00bbsolid\u00a0\u00bb]\n<div id=\"rev_slider_8_2_wrapper\" class=\"rev_slider_wrapper fullwidthbanner-container\" data-source=\"gallery\" style=\"margin:0px auto;background:transparent;padding:0px;margin-top:0px;margin-bottom:0px;\">\n<!-- START REVOLUTION SLIDER 5.4.8.3 fullwidth mode -->\n\t<div id=\"rev_slider_8_2\" class=\"rev_slider fullwidthabanner\" style=\"display:none;\" data-version=\"5.4.8.3\">\n<ul>\t<!-- SLIDE  -->\n\t<li data-index=\"rs-14\" data-transition=\"fade\" data-slotamount=\"default\" data-hideafterloop=\"0\" data-hideslideonmobile=\"off\"  data-easein=\"default\" data-easeout=\"default\" data-masterspeed=\"300\"  data-rotate=\"0\"  data-saveperformance=\"off\"  data-title=\"Slide\" data-param1=\"\" data-param2=\"\" data-param3=\"\" data-param4=\"\" data-param5=\"\" data-param6=\"\" data-param7=\"\" data-param8=\"\" data-param9=\"\" data-param10=\"\" data-description=\"\">\n\t\t<!-- MAIN IMAGE -->\n\t\t<img loading=\"lazy\" decoding=\"async\" src=\"https:\/\/maisonsudburyhospice.org\/wp-content\/uploads\/2016\/07\/banner_Testimonials.jpg\"  alt=\"\" title=\"banner_Testimonials\"  width=\"5184\" height=\"935\" data-bgposition=\"center center\" data-bgfit=\"cover\" data-bgrepeat=\"repeat-y\" class=\"rev-slidebg\" data-no-retina>\n\t\t<!-- LAYERS -->\n\t<\/li>\n<\/ul>\n<div class=\"tp-bannertimer tp-bottom\" style=\"visibility: hidden !important;\"><\/div>\t<\/div>\n<script>var htmlDiv = document.getElementById(\"rs-plugin-settings-inline-css\"); var htmlDivCss=\"\";\r\n\t\t\t\tif(htmlDiv) {\r\n\t\t\t\t\thtmlDiv.innerHTML = htmlDiv.innerHTML + htmlDivCss;\r\n\t\t\t\t}else{\r\n\t\t\t\t\tvar htmlDiv = document.createElement(\"div\");\r\n\t\t\t\t\thtmlDiv.innerHTML = \"<style>\" + htmlDivCss + \"<\/style>\";\r\n\t\t\t\t\tdocument.getElementsByTagName(\"head\")[0].appendChild(htmlDiv.childNodes[0]);\r\n\t\t\t\t}\r\n\t\t\t<\/script>\n\t\t<script type=\"text\/javascript\">\r\nif (setREVStartSize!==undefined) setREVStartSize(\r\n\t{c: '#rev_slider_8_2', gridwidth: [1240], gridheight: [120], sliderLayout: 'fullwidth', minHeight:'120'});\r\n\t\t\t\r\nvar revapi8,\r\n\ttpj;\t\r\n(function() {\t\t\t\r\n\tif (!\/loaded|interactive|complete\/.test(document.readyState)) document.addEventListener(\"DOMContentLoaded\",onLoad); else onLoad();\t\r\n\tfunction onLoad() {\t\t\t\t\r\n\t\tif (tpj===undefined) { tpj = jQuery; if(\"off\" == \"on\") tpj.noConflict();}\r\n\tif(tpj(\"#rev_slider_8_2\").revolution == undefined){\n\t\trevslider_showDoubleJqueryError(\"#rev_slider_8_2\");\n\t}else{\n\t\trevapi8 = tpj(\"#rev_slider_8_2\").show().revolution({\n\t\t\tsliderType:\"standard\",\n\t\t\tjsFileLocation:\"\/\/maisonsudburyhospice.org\/wp-content\/plugins\/revslider\/public\/assets\/js\/\",\n\t\t\tsliderLayout:\"fullwidth\",\n\t\t\tdottedOverlay:\"none\",\n\t\t\tdelay:9000,\n\t\t\tnavigation: {\n\t\t\t\tonHoverStop:\"off\",\n\t\t\t},\n\t\t\tvisibilityLevels:[1240,1024,778,480],\n\t\t\tgridwidth:1240,\n\t\t\tgridheight:120,\n\t\t\tlazyType:\"none\",\n\t\t\tminHeight:\"120\",\n\t\t\tshadow:0,\n\t\t\tspinner:\"spinner0\",\n\t\t\tstopLoop:\"off\",\n\t\t\tstopAfterLoops:-1,\n\t\t\tstopAtSlide:-1,\n\t\t\tshuffle:\"off\",\n\t\t\tautoHeight:\"off\",\n\t\t\tdisableProgressBar:\"on\",\n\t\t\thideThumbsOnMobile:\"off\",\n\t\t\thideSliderAtLimit:0,\n\t\t\thideCaptionAtLimit:0,\n\t\t\thideAllCaptionAtLilmit:0,\n\t\t\tdebugMode:false,\n\t\t\tfallbacks: {\n\t\t\t\tsimplifyAll:\"off\",\n\t\t\t\tnextSlideOnWindowFocus:\"off\",\n\t\t\t\tdisableFocusListener:false,\n\t\t\t}\n\t\t});\n\t}; \/* END OF revapi call *\/\n\t\n }; \/* END OF ON LOAD FUNCTION *\/\r\n}()); \/* END OF WRAPPING FUNCTION *\/\r\n<\/script>\r\n\t\t<\/div><!-- END REVOLUTION SLIDER -->[\/vc_column][\/vc_row][vc_row type=\u00a0\u00bbin_container\u00a0\u00bb full_screen_row_position=\u00a0\u00bbmiddle\u00a0\u00bb scene_position=\u00a0\u00bbcenter\u00a0\u00bb text_color=\u00a0\u00bbdark\u00a0\u00bb text_align=\u00a0\u00bbleft\u00a0\u00bb overlay_strength=\u00a0\u00bb0.3&Prime; shape_divider_position=\u00a0\u00bbbottom\u00a0\u00bb][vc_column column_padding=\u00a0\u00bbno-extra-padding\u00a0\u00bb column_padding_position=\u00a0\u00bball\u00a0\u00bb background_color_opacity=\u00a0\u00bb1&Prime; background_hover_color_opacity=\u00a0\u00bb1&Prime; column_shadow=\u00a0\u00bbnone\u00a0\u00bb column_border_radius=\u00a0\u00bbnone\u00a0\u00bb width=\u00a0\u00bb1\/1&Prime; tablet_text_alignment=\u00a0\u00bbdefault\u00a0\u00bb phone_text_alignment=\u00a0\u00bbdefault\u00a0\u00bb column_border_width=\u00a0\u00bbnone\u00a0\u00bb column_border_style=\u00a0\u00bbsolid\u00a0\u00bb][heading]T\u00e9moignages des familles[\/heading][\/vc_column][\/vc_row][vc_row type=\u00a0\u00bbin_container\u00a0\u00bb full_screen_row_position=\u00a0\u00bbmiddle\u00a0\u00bb scene_position=\u00a0\u00bbcenter\u00a0\u00bb text_color=\u00a0\u00bbdark\u00a0\u00bb text_align=\u00a0\u00bbleft\u00a0\u00bb overlay_strength=\u00a0\u00bb0.3&Prime; shape_divider_position=\u00a0\u00bbbottom\u00a0\u00bb][vc_column column_padding=\u00a0\u00bbno-extra-padding\u00a0\u00bb column_padding_position=\u00a0\u00bball\u00a0\u00bb background_color_opacity=\u00a0\u00bb1&Prime; background_hover_color_opacity=\u00a0\u00bb1&Prime; column_shadow=\u00a0\u00bbnone\u00a0\u00bb column_border_radius=\u00a0\u00bbnone\u00a0\u00bb width=\u00a0\u00bb1\/1&Prime; tablet_text_alignment=\u00a0\u00bbdefault\u00a0\u00bb phone_text_alignment=\u00a0\u00bbdefault\u00a0\u00bb column_border_width=\u00a0\u00bbnone\u00a0\u00bb column_border_style=\u00a0\u00bbsolid\u00a0\u00bb][vc_column_text]\u00a0\u00bbUn gros merci pour tous les bons soins et l&rsquo;amour que vous avez prodigu\u00e9s \u00e0 maman. Vous l&rsquo;avez rendue vraiment heureuse jusqu&rsquo;\u00e0 son dernier voyage. Elle veillera sur vous de l\u00e0-haut et continuera \u00e0 chanter et danser pour vous tous.\u00a0\u00bb<\/p>\n<hr \/>\n<p>\u00ab\u00a0Le personnel est des plus aimables et sympathiques et m\u00e9rite d&rsquo;\u00eatre louang\u00e9. Vous devez \u00eatre fiers de votre maison si chaleureuse et accueillante. Notre s\u00e9jour parmi vous a grandement contribu\u00e9 \u00e0 all\u00e9ger notre fardeau en ces jours difficiles.\u00a0\u00bb<\/p>\n<hr \/>\n<p>\u00ab\u00a0En toute sinc\u00e9rit\u00e9, la famille a trouv\u00e9 extraordinaires les services fournis par la Maison de soins palliatifs de Sudbury. Nous avons trouv\u00e9 toutes les personnes concern\u00e9es (de la visite \u00e0 notre maison jusqu&rsquo;\u00e0 la c\u00e9r\u00e9monie d&rsquo;adieu) amicales, respectueuses, r\u00e9confortantes et tr\u00e8s chaleureuses. Je ne sais vraiment pas comment vous pouvez am\u00e9liorer les soins car vous avez pens\u00e9 \u00e0 tout. Encore une fois, merci pour tout.\u00a0\u00bb<\/p>\n<hr \/>\n<p>\u00ab\u00a0J&rsquo;aime votre devise: \u00ab\u00a0Ajouter de la vie aux jours restants\u00a0\u00bb. Ceci est difficile \u00e0 atteindre pour les personnes qui peinent de voir leur \u00eatre cher s&rsquo;\u00e9teindre \u00e0 petits feux mais tout le personnel y voit et nous transmet de fa\u00e7on discr\u00e8te, sympathique, et respectueuse cet objectif. Quel endroit serein et calme est la Maison de soins palliatifs. Je suis tr\u00e8s contente que dans sa malchance, mon fr\u00e8re ait eu la chance de finir ses jours chez-vous. Merci pour les bons soins d&rsquo;une \u00e9quipe sympathique, compatissante, de bonne humeur. Que Dieu vous b\u00e9nisse et vous accorde de continuer votre beau travail.\u00a0\u00bb<\/p>\n<hr \/>\n<p>\u00ab\u00a0Mon beau-p\u00e8re a re\u00e7u les meilleurs soins possibles chez-vous. Votre foyer fut pour nous un cadeau dans tous ses aspects. L&rsquo;accueil chaleureux de tout le personnel, l&rsquo;appui et les explications \u00e0 la fin de sa vie et la compr\u00e9hension, le respect, la compassion au moment du d\u00e9c\u00e8s. Votre personnel nous a touch\u00e9s par leur professionnalisme, leur support et leur respect envers mon beau-p\u00e8re et toute notre famille. Cette \u00e9tape de la vie n&rsquo;est pas facile mais votre personnel a su nous apporter le calme, la paix et beaucoup de douceur. Ce fut grandement appr\u00e9ci\u00e9.\u00a0\u00bb<\/p>\n<hr \/>\n<p>\u00ab\u00a0La famille f\u00fbt tr\u00e8s soulag\u00e9e de d\u00e9couvrir un \u00e9tablissement de votre calibre qui s&rsquo;occupe de nos proches. Les services offerts furent exceptionnels.\u00a0\u00bb<\/p>\n<hr \/>\n<p>\u00ab\u00a0Nous avons tellement appr\u00e9ci\u00e9 les services de la Maison McCulloch. Je n&rsquo;aurais pas voulu que mon \u00e9poux d\u00e9c\u00e8de \u00e0 notre r\u00e9sidence et encore moins \u00e0 l&rsquo;h\u00f4pital. C&rsquo;est une place sp\u00e9ciale la Maison McCulloch; je l\u00e8ve mon chapeau \u00e0 une \u00e9quipe formidable. J&rsquo;encourage les gens que je c\u00f4toie quand ils me parlent de leurs proches qui sont malades avec le cancer, de finir leurs jours \u00e0 la Maison McCulloch! Je remercie Dieu que notre \u00eatre cher a eu une place sp\u00e9ciale \u00e0 la Maison McCulloch. Merci.\u00a0\u00bb<\/p>\n<hr \/>\n<p>\u00ab\u00a0Notre court s\u00e9jour chez-vous a \u00e9t\u00e9 ce \u00e0 quoi je m&rsquo;attendais et ma femme a toujours voulu terminer ses jours \u00e0 la Maison McCulloch. Merci beaucoup et continuez votre bon travail.\u00a0\u00bb<\/p>\n<hr \/>\n<p>\u00ab\u00a0Bel \u00e9tablissement&#8230;quel bel endroit pour les gens qui ont besoin de bons soins.\u00a0\u00bb<\/p>\n<hr \/>\n<p>\u00ab\u00a0C&rsquo;est un grand plaisir pour moi de voir le beau travail qui se fait ici. C&rsquo;est r\u00e9confortant pour les familles et amis dont les \u00eatres chers sont trait\u00e9s avec tendresse.\u00a0\u00bb<\/p>\n<hr \/>\n<p>\u00ab\u00a0Le s\u00e9jour de notre \u00eatre cher ici \u00e9tait tr\u00e8s reposant et plein d&rsquo;amour. Merci pour tous les services accomplis apr\u00e8s son d\u00e9part.\u00a0\u00bb<\/p>\n<hr \/>\n<p>\u00ab\u00a0Merci beaucoup \u00e0 tout le personnel pour tout ce que vous avez fait pour mon p\u00e9p\u00e8re. Vous lui avez rendu un paradis avant d&rsquo;atteindre son r\u00e9el paradis. Encore mille fois merci.\u00a0\u00bb<\/p>\n<hr \/>\n<p>\u00ab\u00a0Merci beaucoup \u00e0 toute l&rsquo;\u00e9quipe pour d&rsquo;avoir pris soin de notre \u00eatre cher. Vous nous avez soulag\u00e9s \u00e9norm\u00e9ment.\u00a0\u00bb[\/vc_column_text][\/vc_column][\/vc_row]","protected":false},"excerpt":{"rendered":"<p>[vc_row type=\u00a0\u00bbin_container\u00a0\u00bb full_screen_row_position=\u00a0\u00bbmiddle\u00a0\u00bb scene_position=\u00a0\u00bbcenter\u00a0\u00bb text_color=\u00a0\u00bbdark\u00a0\u00bb text_align=\u00a0\u00bbleft\u00a0\u00bb overlay_strength=\u00a0\u00bb0.3&Prime; shape_divider_position=\u00a0\u00bbbottom\u00a0\u00bb][vc_column column_padding=\u00a0\u00bbno-extra-padding\u00a0\u00bb column_padding_position=\u00a0\u00bball\u00a0\u00bb background_color_opacity=\u00a0\u00bb1&Prime; background_hover_color_opacity=\u00a0\u00bb1&Prime; column_shadow=\u00a0\u00bbnone\u00a0\u00bb column_border_radius=\u00a0\u00bbnone\u00a0\u00bb width=\u00a0\u00bb1\/1&Prime; tablet_text_alignment=\u00a0\u00bbdefault\u00a0\u00bb phone_text_alignment=\u00a0\u00bbdefault\u00a0\u00bb column_border_width=\u00a0\u00bbnone\u00a0\u00bb column_border_style=\u00a0\u00bbsolid\u00a0\u00bb][\/vc_column][\/vc_row][vc_row type=\u00a0\u00bbin_container\u00a0\u00bb full_screen_row_position=\u00a0\u00bbmiddle\u00a0\u00bb scene_position=\u00a0\u00bbcenter\u00a0\u00bb text_color=\u00a0\u00bbdark\u00a0\u00bb text_align=\u00a0\u00bbleft\u00a0\u00bb overlay_strength=\u00a0\u00bb0.3&Prime; shape_divider_position=\u00a0\u00bbbottom\u00a0\u00bb][vc_column column_padding=\u00a0\u00bbno-extra-padding\u00a0\u00bb column_padding_position=\u00a0\u00bball\u00a0\u00bb background_color_opacity=\u00a0\u00bb1&Prime; background_hover_color_opacity=\u00a0\u00bb1&Prime;&#8230;<\/p>\n","protected":false},"author":1,"featured_media":0,"parent":0,"menu_order":0,"comment_status":"closed","ping_status":"closed","template":"","meta":{"_exactmetrics_skip_tracking":false,"_exactmetrics_sitenote_active":false,"_exactmetrics_sitenote_note":"","_exactmetrics_sitenote_category":0,"footnotes":""},"class_list":["post-3363","page","type-page","status-publish"],"publishpress_future_action":{"enabled":false,"date":"2026-04-26 04:38:52","action":"change-status","newStatus":"draft","terms":[],"taxonomy":"","extraData":[]},"publishpress_future_workflow_manual_trigger":{"enabledWorkflows":[]},"_links":{"self":[{"href":"https:\/\/maisonsudburyhospice.org\/fr\/wp-json\/wp\/v2\/pages\/3363","targetHints":{"allow":["GET"]}}],"collection":[{"href":"https:\/\/maisonsudburyhospice.org\/fr\/wp-json\/wp\/v2\/pages"}],"about":[{"href":"https:\/\/maisonsudburyhospice.org\/fr\/wp-json\/wp\/v2\/types\/page"}],"author":[{"embeddable":true,"href":"https:\/\/maisonsudburyhospice.org\/fr\/wp-json\/wp\/v2\/users\/1"}],"replies":[{"embeddable":true,"href":"https:\/\/maisonsudburyhospice.org\/fr\/wp-json\/wp\/v2\/comments?post=3363"}],"version-history":[{"count":0,"href":"https:\/\/maisonsudburyhospice.org\/fr\/wp-json\/wp\/v2\/pages\/3363\/revisions"}],"wp:attachment":[{"href":"https:\/\/maisonsudburyhospice.org\/fr\/wp-json\/wp\/v2\/media?parent=3363"}],"curies":[{"name":"wp","href":"https:\/\/api.w.org\/{rel}","templated":true}]}}